{"id":18474,"date":"2018-02-15T14:24:18","date_gmt":"2018-02-15T13:24:18","guid":{"rendered":"http:\/\/www.myfundsoffice.com\/about-us\/"},"modified":"2020-03-18T12:58:17","modified_gmt":"2020-03-18T11:58:17","slug":"about-us","status":"publish","type":"page","link":"https:\/\/www.myfundsoffice.com\/es\/about-us\/","title":{"rendered":"NOSOTROS"},"content":{"rendered":"<p>[vc_row][vc_column][vc_text_separator title=\u00a0\u00bbAcerca de MyFunds\u00a0\u00bb el_class=\u00a0\u00bbmyfunds-separator\u00a0\u00bb][\/vc_column][\/vc_row][vc_row][vc_column]<div id=\"ultimate-heading-132269e7d7107f6cf\" class=\"uvc-heading ult-adjust-bottom-margin ultimate-heading-132269e7d7107f6cf uvc-4147 \" data-hspacer=\"no_spacer\"  data-halign=\"left\" style=\"text-align:left\"><div class=\"uvc-heading-spacer no_spacer\" style=\"top\"><\/div><div class=\"uvc-main-heading ult-responsive\"  data-ultimate-target='.uvc-heading.ultimate-heading-132269e7d7107f6cf h2'  data-responsive-json-new='{\"font-size\":\"desktop:30px;\",\"line-height\":\"desktop:60px;\"}' ><h2 style=\"font-family:&#039;Roboto&#039;;font-weight:300;color:#8c9aaa;margin-bottom:20px;\">Nuestra Filosof\u00eda<\/h2><\/div><\/div>[vc_column_text]MyFunds Office es el principal distribuidor de fondos de terceros en Francia, y una de las principales entidades en Suiza, Espa\u00f1a, Luxemburgo, B\u00e9lgica y M\u00f3naco. Desarrollamos las estrategias comerciales de nuestras sociedades gestoras de fondos, tanto extranjeras como nacionales, redise\u00f1amos sus herramientas de marketing y comunicaci\u00f3n, y subcontratamos su fuerza de ventas para obtener excelentes resultados.<\/p>\n<p>Nuestra amplia experiencia en marketing de fondos de inversi\u00f3n nos permite estar en contacto con todos los inversores institucionales e intermediarios, ubicados en Francia, B\u00e9lgica, Luxemburgo, Suiza, Espa\u00f1a y M\u00f3naco.<\/p>\n<ul>\n<li><strong>Inversores institucionales:<\/strong> Seguros, banca privada, fondos de pensiones, fondos de fondos<\/li>\n<li><strong>IFAs: <\/strong>Asesores Financieros independientes, gestores de patrimonio independientes<\/li>\n<li><strong>Plataformas de seguros y banca<\/strong><\/li>\n<\/ul>\n<p>Nuestro equipo de ventas est\u00e1 conformado por 9 personas altamente calificadas y competentes, que realizan m\u00e1s de 1600 reuniones al a\u00f1o en representaci\u00f3n de nuestras sociedades gestoras.<\/p>\n<p>Adicionalmente, apoyamos a nuestras sociedades gestoras y socios en los diferentes eventos especializados y realizados en Europa como, por ejemplo: \u00a0Patrimonia, una convenci\u00f3n que re\u00fane cada a\u00f1o a todas las partes interesadas en la distribuci\u00f3n de fondos, destinados al mercado de Asesores Financieros Independientes.<\/p>\n<p><strong>MyFunds Office est\u00e1 posicionado como el principal socio para hacer que sus proyectos de desarrollo comercial y econ\u00f3mico en Europa, sean un \u00e9xito rotundo.<\/strong>[\/vc_column_text][\/vc_column][\/vc_row][vc_row content_placement=\u00a0\u00bbmiddle\u00a0\u00bb css=\u00a0\u00bb.vc_custom_1517999594875{margin-top: 50px !important;}\u00a0\u00bb][vc_column width=\u00a0\u00bb1\/4&Prime;][vc_single_image image=\u00a0\u00bb15193&Prime; img_size=\u00a0\u00bbfull\u00a0\u00bb][\/vc_column][vc_column width=\u00a0\u00bb3\/4&Prime;][vc_column_text]MyFunds Office se enorgullece de ser un miembro activo de la Asociaci\u00f3n 3PM desde 2015. Esta asociaci\u00f3n asegura que sus miembros sean especialistas en la distribuci\u00f3n de fondos, de alta calidad, confiables y profesionales, con la licencia apropiada para actuar en nombre de las sociedades gestoras en las \u00e1reas de ventas y mercadeo dentro de cada regi\u00f3n geogr\u00e1fica.<\/p>\n<p>En febrero de 2020, Jerome Glodas y Stephanie Wilks de MyFunds tuvieron el honor de ser nombrados copresidentes del Comit\u00e9 no estadounidense de la Asociaci\u00f3n 3PM. Este comit\u00e9 se centra en la construcci\u00f3n de la reputaci\u00f3n, el profesionalismo y las oportunidades de los Third Party Marketers a nivel mundial. Si usted es un Third Party Marketer externo a los Estados Unidos y desea unirse a la Asociaci\u00f3n 3PM, por favor contacte a Stephanie Wilks al siguiente mail: <a href=\"mailto:myfunds@myfunds.fr\">myfunds@myfunds.fr<\/a>.[\/vc_column_text][\/vc_column][\/vc_row]<\/p>\n","protected":false},"excerpt":{"rendered":"<p>[vc_row][vc_column][vc_text_separator title=\u00a0\u00bbAcerca de MyFunds\u00a0\u00bb el_class=\u00a0\u00bbmyfunds-separator\u00a0\u00bb][\/vc_column][\/vc_row][vc_row][vc_column][vc_column_text]MyFunds Office es el principal distribuidor de fondos de terceros en Francia, y una de las principales entidades en Suiza, Espa\u00f1a, Luxemburgo, B\u00e9lgica y M\u00f3naco. Desarrollamos las estrategias comerciales de nuestras sociedades gestoras de fondos, tanto extranjeras como nacionales, redise\u00f1amos sus herramientas de marketing y comunicaci\u00f3n, y subcontratamos su fuerza de&hellip;<\/p>\n","protected":false},"author":1,"featured_media":0,"parent":0,"menu_order":0,"comment_status":"closed","ping_status":"closed","template":"","meta":[],"class_list":["post-18474","page","type-page","status-publish","hentry","description-off"],"yoast_head":"<!-- This site is optimized with the Yoast SEO plugin v21.4 - https:\/\/yoast.com\/wordpress\/plugins\/seo\/ -->\n<title>NOSOTROS &#8211; My Funds Office<\/title>\n<meta name=\"robots\" content=\"index, follow, max-snippet:-1, max-image-preview:large, max-video-preview:-1\" \/>\n<link rel=\"canonical\" href=\"http:\/\/www.myfundsoffice.com\/about-us\/\" \/>\n<meta property=\"og:locale\" content=\"fr_FR\" \/>\n<meta property=\"og:type\" content=\"article\" \/>\n<meta property=\"og:title\" content=\"NOSOTROS &#8211; My Funds Office\" \/>\n<meta property=\"og:description\" content=\"[vc_row][vc_column][vc_text_separator title=\u00a0\u00bbAcerca de MyFunds\u00a0\u00bb el_class=\u00a0\u00bbmyfunds-separator\u00a0\u00bb][\/vc_column][\/vc_row][vc_row][vc_column][vc_column_text]MyFunds Office es el principal distribuidor de fondos de terceros en Francia, y una de las principales entidades en Suiza, Espa\u00f1a, Luxemburgo, B\u00e9lgica y M\u00f3naco. Desarrollamos las estrategias comerciales de nuestras sociedades gestoras de fondos, tanto extranjeras como nacionales, redise\u00f1amos sus herramientas de marketing y comunicaci\u00f3n, y subcontratamos su fuerza de&hellip;\" \/>\n<meta property=\"og:url\" content=\"http:\/\/www.myfundsoffice.com\/es\/about-us\/\" \/>\n<meta property=\"og:site_name\" content=\"My Funds Office\" \/>\n<meta property=\"article:modified_time\" content=\"2020-03-18T11:58:17+00:00\" \/>\n<meta name=\"twitter:card\" content=\"summary_large_image\" \/>\n<meta name=\"twitter:site\" content=\"@funds_office\" \/>\n<meta name=\"twitter:label1\" content=\"Dur\u00e9e de lecture estim\u00e9e\" \/>\n\t<meta name=\"twitter:data1\" content=\"2 minutes\" \/>\n<script type=\"application\/ld+json\" class=\"yoast-schema-graph\">{\"@context\":\"https:\/\/schema.org\",\"@graph\":[{\"@type\":\"WebPage\",\"@id\":\"http:\/\/www.myfundsoffice.com\/es\/about-us\/\",\"url\":\"http:\/\/www.myfundsoffice.com\/es\/about-us\/\",\"name\":\"NOSOTROS &#8211; My Funds Office\",\"isPartOf\":{\"@id\":\"http:\/\/www.myfundsoffice.com\/#website\"},\"datePublished\":\"2018-02-15T13:24:18+00:00\",\"dateModified\":\"2020-03-18T11:58:17+00:00\",\"breadcrumb\":{\"@id\":\"http:\/\/www.myfundsoffice.com\/es\/about-us\/#breadcrumb\"},\"inLanguage\":\"fr-FR\",\"potentialAction\":[{\"@type\":\"ReadAction\",\"target\":[\"http:\/\/www.myfundsoffice.com\/es\/about-us\/\"]}]},{\"@type\":\"BreadcrumbList\",\"@id\":\"http:\/\/www.myfundsoffice.com\/es\/about-us\/#breadcrumb\",\"itemListElement\":[{\"@type\":\"ListItem\",\"position\":1,\"name\":\"Accueil\",\"item\":\"http:\/\/www.myfundsoffice.com\/\"},{\"@type\":\"ListItem\",\"position\":2,\"name\":\"NOSOTROS\"}]},{\"@type\":\"WebSite\",\"@id\":\"http:\/\/www.myfundsoffice.com\/#website\",\"url\":\"http:\/\/www.myfundsoffice.com\/\",\"name\":\"My Funds Office\",\"description\":\"MyFunds Office vous accompagne dans la s\u00e9lection de vos fonds d&#039;investissement\",\"publisher\":{\"@id\":\"http:\/\/www.myfundsoffice.com\/#organization\"},\"potentialAction\":[{\"@type\":\"SearchAction\",\"target\":{\"@type\":\"EntryPoint\",\"urlTemplate\":\"http:\/\/www.myfundsoffice.com\/?s={search_term_string}\"},\"query-input\":\"required name=search_term_string\"}],\"inLanguage\":\"fr-FR\"},{\"@type\":\"Organization\",\"@id\":\"http:\/\/www.myfundsoffice.com\/#organization\",\"name\":\"MyFunds Office\",\"url\":\"http:\/\/www.myfundsoffice.com\/\",\"logo\":{\"@type\":\"ImageObject\",\"inLanguage\":\"fr-FR\",\"@id\":\"http:\/\/www.myfundsoffice.com\/#\/schema\/logo\/image\/\",\"url\":\"http:\/\/www.myfundsoffice.com\/wp-content\/uploads\/2018\/02\/logo.jpg\",\"contentUrl\":\"http:\/\/www.myfundsoffice.com\/wp-content\/uploads\/2018\/02\/logo.jpg\",\"width\":122,\"height\":62,\"caption\":\"MyFunds Office\"},\"image\":{\"@id\":\"http:\/\/www.myfundsoffice.com\/#\/schema\/logo\/image\/\"},\"sameAs\":[\"https:\/\/twitter.com\/funds_office\",\"https:\/\/www.linkedin.com\/company\/myfunds-office\"]}]}<\/script>\n<!-- \/ Yoast SEO plugin. -->","yoast_head_json":{"title":"NOSOTROS &#8211; My Funds Office","robots":{"index":"index","follow":"follow","max-snippet":"max-snippet:-1","max-image-preview":"max-image-preview:large","max-video-preview":"max-video-preview:-1"},"canonical":"http:\/\/www.myfundsoffice.com\/about-us\/","og_locale":"fr_FR","og_type":"article","og_title":"NOSOTROS &#8211; My Funds Office","og_description":"[vc_row][vc_column][vc_text_separator title=\u00a0\u00bbAcerca de MyFunds\u00a0\u00bb el_class=\u00a0\u00bbmyfunds-separator\u00a0\u00bb][\/vc_column][\/vc_row][vc_row][vc_column][vc_column_text]MyFunds Office es el principal distribuidor de fondos de terceros en Francia, y una de las principales entidades en Suiza, Espa\u00f1a, Luxemburgo, B\u00e9lgica y M\u00f3naco. Desarrollamos las estrategias comerciales de nuestras sociedades gestoras de fondos, tanto extranjeras como nacionales, redise\u00f1amos sus herramientas de marketing y comunicaci\u00f3n, y subcontratamos su fuerza de&hellip;","og_url":"http:\/\/www.myfundsoffice.com\/es\/about-us\/","og_site_name":"My Funds Office","article_modified_time":"2020-03-18T11:58:17+00:00","twitter_card":"summary_large_image","twitter_site":"@funds_office","twitter_misc":{"Dur\u00e9e de lecture estim\u00e9e":"2 minutes"},"schema":{"@context":"https:\/\/schema.org","@graph":[{"@type":"WebPage","@id":"http:\/\/www.myfundsoffice.com\/es\/about-us\/","url":"http:\/\/www.myfundsoffice.com\/es\/about-us\/","name":"NOSOTROS &#8211; My Funds Office","isPartOf":{"@id":"http:\/\/www.myfundsoffice.com\/#website"},"datePublished":"2018-02-15T13:24:18+00:00","dateModified":"2020-03-18T11:58:17+00:00","breadcrumb":{"@id":"http:\/\/www.myfundsoffice.com\/es\/about-us\/#breadcrumb"},"inLanguage":"fr-FR","potentialAction":[{"@type":"ReadAction","target":["http:\/\/www.myfundsoffice.com\/es\/about-us\/"]}]},{"@type":"BreadcrumbList","@id":"http:\/\/www.myfundsoffice.com\/es\/about-us\/#breadcrumb","itemListElement":[{"@type":"ListItem","position":1,"name":"Accueil","item":"http:\/\/www.myfundsoffice.com\/"},{"@type":"ListItem","position":2,"name":"NOSOTROS"}]},{"@type":"WebSite","@id":"http:\/\/www.myfundsoffice.com\/#website","url":"http:\/\/www.myfundsoffice.com\/","name":"My Funds Office","description":"MyFunds Office vous accompagne dans la s\u00e9lection de vos fonds d&#039;investissement","publisher":{"@id":"http:\/\/www.myfundsoffice.com\/#organization"},"potentialAction":[{"@type":"SearchAction","target":{"@type":"EntryPoint","urlTemplate":"http:\/\/www.myfundsoffice.com\/?s={search_term_string}"},"query-input":"required name=search_term_string"}],"inLanguage":"fr-FR"},{"@type":"Organization","@id":"http:\/\/www.myfundsoffice.com\/#organization","name":"MyFunds Office","url":"http:\/\/www.myfundsoffice.com\/","logo":{"@type":"ImageObject","inLanguage":"fr-FR","@id":"http:\/\/www.myfundsoffice.com\/#\/schema\/logo\/image\/","url":"http:\/\/www.myfundsoffice.com\/wp-content\/uploads\/2018\/02\/logo.jpg","contentUrl":"http:\/\/www.myfundsoffice.com\/wp-content\/uploads\/2018\/02\/logo.jpg","width":122,"height":62,"caption":"MyFunds Office"},"image":{"@id":"http:\/\/www.myfundsoffice.com\/#\/schema\/logo\/image\/"},"sameAs":["https:\/\/twitter.com\/funds_office","https:\/\/www.linkedin.com\/company\/myfunds-office"]}]}},"_links":{"self":[{"href":"https:\/\/www.myfundsoffice.com\/es\/wp-json\/wp\/v2\/pages\/18474\/"}],"collection":[{"href":"https:\/\/www.myfundsoffice.com\/es\/wp-json\/wp\/v2\/pages\/"}],"about":[{"href":"https:\/\/www.myfundsoffice.com\/es\/wp-json\/wp\/v2\/types\/page\/"}],"author":[{"embeddable":true,"href":"https:\/\/www.myfundsoffice.com\/es\/wp-json\/wp\/v2\/users\/1\/"}],"replies":[{"embeddable":true,"href":"https:\/\/www.myfundsoffice.com\/es\/wp-json\/wp\/v2\/comments\/?post=18474"}],"version-history":[{"count":6,"href":"https:\/\/www.myfundsoffice.com\/es\/wp-json\/wp\/v2\/pages\/18474\/revisions\/"}],"predecessor-version":[{"id":18502,"href":"https:\/\/www.myfundsoffice.com\/es\/wp-json\/wp\/v2\/pages\/18474\/revisions\/18502\/"}],"wp:attachment":[{"href":"https:\/\/www.myfundsoffice.com\/es\/wp-json\/wp\/v2\/media\/?parent=18474"}],"curies":[{"name":"wp","href":"https:\/\/api.w.org\/{rel}","templated":true}]}}